{"id":428,"date":"2016-04-20T11:34:56","date_gmt":"2016-04-20T09:34:56","guid":{"rendered":"http:\/\/www.riche-old.wetail.dev\/lediga-jobb-2\/"},"modified":"2018-07-12T09:51:13","modified_gmt":"2018-07-12T07:51:13","slug":"lediga-jobb","status":"publish","type":"page","link":"https:\/\/riche-old.wetail.dev\/en\/om-riche\/lediga-jobb\/","title":{"rendered":"Lediga jobb"},"content":{"rendered":"<p>Vi erbjuder en varierande, flexibel och rolig arbetsplats i en sp\u00e4nnande milj\u00f6 med bra f\u00f6rm\u00e5ner. Hos oss finns goda utvecklingsm\u00f6jligheter b\u00e5de i jobbet men \u00e4ven inom koncern. Riche och Teatergrillen ing\u00e5r i restaurangkoncernen Svenska Brasserier d\u00e4r \u00e4ven Sturehof, Stockholms matmarknad, Taverna Brillo, Luzette och Ulriksdals V\u00e4rdshus ing\u00e5r.<\/p>\n<p><script src=\"https:\/\/scripts.teamtailor-cdn.com\/widgets\/production\/jobs.js\" async charset=\"utf-8\"><\/script><\/p>\n<div class=\"teamtailor-jobs-widget\" data-teamtailor-limit=\"20\" data-teamtailor-department=\"25167\" data-teamtailor-api-key=\"22_drrLgJ6YFKoZm9O6jLKG_A1ZCOZKeUJa8ejKE\"><\/div>\n<p><script src=\"https:\/\/scripts.teamtailor-cdn.com\/widgets\/production\/jobs.js\" async charset=\"utf-8\"><\/script><\/p>\n<div class=\"teamtailor-jobs-widget\" data-teamtailor-limit=\"20\" data-teamtailor-department=\"25175\" data-teamtailor-api-key=\"22_drrLgJ6YFKoZm9O6jLKG_A1ZCOZKeUJa8ejKE\"><\/div>\n<p><strong>Inga lediga jobb ute f\u00f6r Riche eller Teatergrillen? Vi s\u00f6ker alltid nya medarbetare p\u00e5 andra restauranger inom koncernen. <a href=\"https:\/\/jobb.svenskabrasserier.se\/\" target=\"_blank\" rel=\"noopener\">L\u00e4s mer&#8230;<\/a><\/strong><\/p>\n<p>&nbsp;<\/p>\n","protected":false},"excerpt":{"rendered":"<p>Vi erbjuder en varierande, flexibel och rolig arbetsplats i en sp\u00e4nnande milj\u00f6 med bra f\u00f6rm\u00e5ner. Hos oss finns goda utvecklingsm\u00f6jligheter b\u00e5de i jobbet men \u00e4ven inom koncern. Riche och Teatergrillen ing\u00e5r i restaurangkoncernen Svenska Brasserier d\u00e4r \u00e4ven Sturehof, Stockholms matmarknad, Taverna Brillo, Luzette och Ulriksdals V\u00e4rdshus ing\u00e5r. Inga lediga jobb ute f\u00f6r Riche eller Teatergrillen?&#8230; <a class=\"moretag\" href=\"https:\/\/riche-old.wetail.dev\/en\/om-riche\/lediga-jobb\/\"><strong>L\u00e4s mer<\/strong><\/a><\/p>\n","protected":false},"author":1,"featured_media":426,"parent":512,"menu_order":0,"comment_status":"open","ping_status":"open","template":"","meta":[],"acf":[],"yoast_head":"<!-- This site is optimized with the Yoast SEO plugin v19.11 - https:\/\/yoast.com\/wordpress\/plugins\/seo\/ -->\n<title>Lediga jobb - Riche<\/title>\n<meta name=\"robots\" content=\"noindex, follow, max-snippet:-1, max-image-preview:large, max-video-preview:-1\" \/>\n<meta property=\"og:locale\" content=\"en_US\" \/>\n<meta property=\"og:type\" content=\"article\" \/>\n<meta property=\"og:title\" content=\"Lediga jobb - Riche\" \/>\n<meta property=\"og:description\" content=\"Vi erbjuder en varierande, flexibel och rolig arbetsplats i en sp\u00e4nnande milj\u00f6 med bra f\u00f6rm\u00e5ner. Hos oss finns goda utvecklingsm\u00f6jligheter b\u00e5de i jobbet men \u00e4ven inom koncern. Riche och Teatergrillen ing\u00e5r i restaurangkoncernen Svenska Brasserier d\u00e4r \u00e4ven Sturehof, Stockholms matmarknad, Taverna Brillo, Luzette och Ulriksdals V\u00e4rdshus ing\u00e5r. Inga lediga jobb ute f\u00f6r Riche eller Teatergrillen?... L\u00e4s mer\" \/>\n<meta property=\"og:url\" content=\"https:\/\/riche-old.wetail.dev\/en\/om-riche\/lediga-jobb\/\" \/>\n<meta property=\"og:site_name\" content=\"Riche\" \/>\n<meta property=\"article:modified_time\" content=\"2018-07-12T07:51:13+00:00\" \/>\n<meta property=\"og:image\" content=\"https:\/\/riche-old.wetail.dev\/wp-content\/uploads\/sites\/7\/2016\/04\/career.png\" \/>\n\t<meta property=\"og:image:width\" content=\"402\" \/>\n\t<meta property=\"og:image:height\" content=\"262\" \/>\n\t<meta property=\"og:image:type\" content=\"image\/png\" \/>\n<meta name=\"twitter:card\" content=\"summary_large_image\" \/>\n<script type=\"application\/ld+json\" class=\"yoast-schema-graph\">{\"@context\":\"https:\/\/schema.org\",\"@graph\":[{\"@type\":\"WebPage\",\"@id\":\"https:\/\/riche-old.wetail.dev\/en\/om-riche\/lediga-jobb\/\",\"url\":\"https:\/\/riche-old.wetail.dev\/en\/om-riche\/lediga-jobb\/\",\"name\":\"Lediga jobb - Riche\",\"isPartOf\":{\"@id\":\"https:\/\/riche-old.wetail.dev\/#website\"},\"datePublished\":\"2016-04-20T09:34:56+00:00\",\"dateModified\":\"2018-07-12T07:51:13+00:00\",\"breadcrumb\":{\"@id\":\"https:\/\/riche-old.wetail.dev\/en\/om-riche\/lediga-jobb\/#breadcrumb\"},\"inLanguage\":\"en-US\",\"potentialAction\":[{\"@type\":\"ReadAction\",\"target\":[\"https:\/\/riche-old.wetail.dev\/en\/om-riche\/lediga-jobb\/\"]}]},{\"@type\":\"BreadcrumbList\",\"@id\":\"https:\/\/riche-old.wetail.dev\/en\/om-riche\/lediga-jobb\/#breadcrumb\",\"itemListElement\":[{\"@type\":\"ListItem\",\"position\":1,\"name\":\"Hem\",\"item\":\"https:\/\/riche-old.wetail.dev\/en\/\"},{\"@type\":\"ListItem\",\"position\":2,\"name\":\"About Riche\",\"item\":\"https:\/\/riche-old.wetail.dev\/en\/om-riche\/\"},{\"@type\":\"ListItem\",\"position\":3,\"name\":\"Lediga jobb\"}]},{\"@type\":\"WebSite\",\"@id\":\"https:\/\/riche-old.wetail.dev\/#website\",\"url\":\"https:\/\/riche-old.wetail.dev\/\",\"name\":\"Riche\",\"description\":\"En till Svenska Brasserier Webbplatser webbplats\",\"potentialAction\":[{\"@type\":\"SearchAction\",\"target\":{\"@type\":\"EntryPoint\",\"urlTemplate\":\"https:\/\/riche-old.wetail.dev\/?s={search_term_string}\"},\"query-input\":\"required name=search_term_string\"}],\"inLanguage\":\"en-US\"}]}<\/script>\n<!-- \/ Yoast SEO plugin. -->","yoast_head_json":{"title":"Lediga jobb - Riche","robots":{"index":"noindex","follow":"follow","max-snippet":"max-snippet:-1","max-image-preview":"max-image-preview:large","max-video-preview":"max-video-preview:-1"},"og_locale":"en_US","og_type":"article","og_title":"Lediga jobb - Riche","og_description":"Vi erbjuder en varierande, flexibel och rolig arbetsplats i en sp\u00e4nnande milj\u00f6 med bra f\u00f6rm\u00e5ner. Hos oss finns goda utvecklingsm\u00f6jligheter b\u00e5de i jobbet men \u00e4ven inom koncern. Riche och Teatergrillen ing\u00e5r i restaurangkoncernen Svenska Brasserier d\u00e4r \u00e4ven Sturehof, Stockholms matmarknad, Taverna Brillo, Luzette och Ulriksdals V\u00e4rdshus ing\u00e5r. Inga lediga jobb ute f\u00f6r Riche eller Teatergrillen?... L\u00e4s mer","og_url":"https:\/\/riche-old.wetail.dev\/en\/om-riche\/lediga-jobb\/","og_site_name":"Riche","article_modified_time":"2018-07-12T07:51:13+00:00","og_image":[{"width":402,"height":262,"url":"https:\/\/riche-old.wetail.dev\/wp-content\/uploads\/sites\/7\/2016\/04\/career.png","type":"image\/png"}],"twitter_card":"summary_large_image","schema":{"@context":"https:\/\/schema.org","@graph":[{"@type":"WebPage","@id":"https:\/\/riche-old.wetail.dev\/en\/om-riche\/lediga-jobb\/","url":"https:\/\/riche-old.wetail.dev\/en\/om-riche\/lediga-jobb\/","name":"Lediga jobb - Riche","isPartOf":{"@id":"https:\/\/riche-old.wetail.dev\/#website"},"datePublished":"2016-04-20T09:34:56+00:00","dateModified":"2018-07-12T07:51:13+00:00","breadcrumb":{"@id":"https:\/\/riche-old.wetail.dev\/en\/om-riche\/lediga-jobb\/#breadcrumb"},"inLanguage":"en-US","potentialAction":[{"@type":"ReadAction","target":["https:\/\/riche-old.wetail.dev\/en\/om-riche\/lediga-jobb\/"]}]},{"@type":"BreadcrumbList","@id":"https:\/\/riche-old.wetail.dev\/en\/om-riche\/lediga-jobb\/#breadcrumb","itemListElement":[{"@type":"ListItem","position":1,"name":"Hem","item":"https:\/\/riche-old.wetail.dev\/en\/"},{"@type":"ListItem","position":2,"name":"About Riche","item":"https:\/\/riche-old.wetail.dev\/en\/om-riche\/"},{"@type":"ListItem","position":3,"name":"Lediga jobb"}]},{"@type":"WebSite","@id":"https:\/\/riche-old.wetail.dev\/#website","url":"https:\/\/riche-old.wetail.dev\/","name":"Riche","description":"En till Svenska Brasserier Webbplatser webbplats","potentialAction":[{"@type":"SearchAction","target":{"@type":"EntryPoint","urlTemplate":"https:\/\/riche-old.wetail.dev\/?s={search_term_string}"},"query-input":"required name=search_term_string"}],"inLanguage":"en-US"}]}},"_links":{"self":[{"href":"https:\/\/riche-old.wetail.dev\/en\/wp-json\/wp\/v2\/pages\/428"}],"collection":[{"href":"https:\/\/riche-old.wetail.dev\/en\/wp-json\/wp\/v2\/pages"}],"about":[{"href":"https:\/\/riche-old.wetail.dev\/en\/wp-json\/wp\/v2\/types\/page"}],"author":[{"embeddable":true,"href":"https:\/\/riche-old.wetail.dev\/en\/wp-json\/wp\/v2\/users\/1"}],"replies":[{"embeddable":true,"href":"https:\/\/riche-old.wetail.dev\/en\/wp-json\/wp\/v2\/comments?post=428"}],"version-history":[{"count":0,"href":"https:\/\/riche-old.wetail.dev\/en\/wp-json\/wp\/v2\/pages\/428\/revisions"}],"up":[{"embeddable":true,"href":"https:\/\/riche-old.wetail.dev\/en\/wp-json\/wp\/v2\/pages\/512"}],"wp:featuredmedia":[{"embeddable":true,"href":"https:\/\/riche-old.wetail.dev\/en\/wp-json\/wp\/v2\/media\/426"}],"wp:attachment":[{"href":"https:\/\/riche-old.wetail.dev\/en\/wp-json\/wp\/v2\/media?parent=428"}],"curies":[{"name":"wp","href":"https:\/\/api.w.org\/{rel}","templated":true}]}}