{"id":507,"date":"2015-05-15T10:55:04","date_gmt":"2015-05-15T08:55:04","guid":{"rendered":"http:\/\/www.riche-old.wetail.dev\/presentkort\/"},"modified":"2020-12-15T12:26:53","modified_gmt":"2020-12-15T11:26:53","slug":"presentkort","status":"publish","type":"page","link":"https:\/\/riche-old.wetail.dev\/en\/om-riche\/presentkort\/","title":{"rendered":"Presentkort"},"content":{"rendered":"<p class=\"excerpt\">Ni vet v\u00e4l om att ni kan k\u00f6pa presentkort hos oss? \u00a0Det g\u00e5r alldeles utm\u00e4rkt att betala med presentkortet oavsett om ni kommer till oss f\u00f6r en kopp kaffe eller f\u00f6r en helkv\u00e4ll.<\/p>\n<p>Presentkortet g\u00e4ller p\u00e5 Svenska Brasseriers samtliga restauranger (Taverna Brillo, Sturehof, Riche, Teatergrillen, Luzette, Ulriksdals V\u00e4rdshus, Emmer och Stockholms Matmarknad). Du kan k\u00f6pa det online eller sj\u00e4lvklart \u00e4ven p\u00e5 plats p\u00e5 Riche.<\/p>\n<p><a href=\"https:\/\/www.dittkort.se\/giftcard?guid=0a25ded8-7d25-4078-8be1-7201ef0bc43a\" target=\"_blank\" rel=\"noopener noreferrer\">K\u00f6p presentkortet direkt.<\/a><\/p>\n<p>Har du fr\u00e5gor kring presentkortet v\u00e4nligen kontakta <a href=\"mailto:ekonomi@riche-old.wetail.dev\">ekonomi@riche-old.wetail.dev<\/a>.<\/p>\n<p><a href=\"http:\/\/www.riche-old.wetail.dev\/wp-content\/uploads\/sites\/7\/2016\/05\/riche_presentkort.jpg\"><img decoding=\"async\" loading=\"lazy\" class=\"alignnone size-medium wp-image-2658\" src=\"http:\/\/www.riche-old.wetail.dev\/wp-content\/uploads\/sites\/7\/2016\/05\/riche_presentkort-300x211.jpg\" alt=\"riche_presentkort\" width=\"300\" height=\"211\" srcset=\"https:\/\/riche-old.wetail.dev\/wp-content\/uploads\/2016\/05\/riche_presentkort-300x211.jpg 300w, https:\/\/riche-old.wetail.dev\/wp-content\/uploads\/2016\/05\/riche_presentkort-24x17.jpg 24w, https:\/\/riche-old.wetail.dev\/wp-content\/uploads\/2016\/05\/riche_presentkort-36x25.jpg 36w, https:\/\/riche-old.wetail.dev\/wp-content\/uploads\/2016\/05\/riche_presentkort-48x34.jpg 48w, https:\/\/riche-old.wetail.dev\/wp-content\/uploads\/2016\/05\/riche_presentkort-200x141.jpg 200w, https:\/\/riche-old.wetail.dev\/wp-content\/uploads\/2016\/05\/riche_presentkort.jpg 401w\" sizes=\"(max-width: 300px) 100vw, 300px\" \/><\/a><\/p>\n<h4>Saldo<\/h4>\n<p>Har du redan ett presentkort och vill kontrollera ditt saldo kan du g\u00f6ra det enkelt.<\/p>\n<p><a title=\"Kontrollera ditt saldo h\u00e4r\" href=\"https:\/\/www.dittkort.se\/q\/\" target=\"_blank\" rel=\"noopener noreferrer\">Kontrollera ditt saldo h\u00e4r<\/a><\/p>\n","protected":false},"excerpt":{"rendered":"<p>Ni vet v\u00e4l om att ni kan k\u00f6pa presentkort hos oss? \u00a0Det g\u00e5r alldeles utm\u00e4rkt att betala med presentkortet oavsett om ni kommer till oss f\u00f6r en kopp kaffe eller f\u00f6r en helkv\u00e4ll. Presentkortet g\u00e4ller p\u00e5 Svenska Brasseriers samtliga restauranger (Taverna Brillo, Sturehof, Riche, Teatergrillen, Luzette, Ulriksdals V\u00e4rdshus, Emmer och Stockholms Matmarknad). Du kan k\u00f6pa&#8230; <a class=\"moretag\" href=\"https:\/\/riche-old.wetail.dev\/en\/om-riche\/presentkort\/\"><strong>L\u00e4s mer<\/strong><\/a><\/p>\n","protected":false},"author":1,"featured_media":0,"parent":512,"menu_order":15,"comment_status":"closed","ping_status":"closed","template":"template-tabbed-page.php","meta":[],"acf":[],"yoast_head":"<!-- This site is optimized with the Yoast SEO plugin v19.11 - https:\/\/yoast.com\/wordpress\/plugins\/seo\/ -->\n<title>Presentkort - Riche<\/title>\n<meta name=\"robots\" content=\"noindex, follow, max-snippet:-1, max-image-preview:large, max-video-preview:-1\" \/>\n<meta property=\"og:locale\" content=\"en_US\" \/>\n<meta property=\"og:type\" content=\"article\" \/>\n<meta property=\"og:title\" content=\"Presentkort - Riche\" \/>\n<meta property=\"og:description\" content=\"Ni vet v\u00e4l om att ni kan k\u00f6pa presentkort hos oss? \u00a0Det g\u00e5r alldeles utm\u00e4rkt att betala med presentkortet oavsett om ni kommer till oss f\u00f6r en kopp kaffe eller f\u00f6r en helkv\u00e4ll. Presentkortet g\u00e4ller p\u00e5 Svenska Brasseriers samtliga restauranger (Taverna Brillo, Sturehof, Riche, Teatergrillen, Luzette, Ulriksdals V\u00e4rdshus, Emmer och Stockholms Matmarknad). Du kan k\u00f6pa... L\u00e4s mer\" \/>\n<meta property=\"og:url\" content=\"https:\/\/riche-old.wetail.dev\/en\/om-riche\/presentkort\/\" \/>\n<meta property=\"og:site_name\" content=\"Riche\" \/>\n<meta property=\"article:modified_time\" content=\"2020-12-15T11:26:53+00:00\" \/>\n<meta property=\"og:image\" content=\"http:\/\/www.riche-old.wetail.dev\/wp-content\/uploads\/sites\/7\/2016\/05\/riche_presentkort-300x211.jpg\" \/>\n<meta name=\"twitter:card\" content=\"summary_large_image\" \/>\n<meta name=\"twitter:label1\" content=\"Est. reading time\" \/>\n\t<meta name=\"twitter:data1\" content=\"1 minute\" \/>\n<script type=\"application\/ld+json\" class=\"yoast-schema-graph\">{\"@context\":\"https:\/\/schema.org\",\"@graph\":[{\"@type\":\"WebPage\",\"@id\":\"https:\/\/riche-old.wetail.dev\/en\/om-riche\/presentkort\/\",\"url\":\"https:\/\/riche-old.wetail.dev\/en\/om-riche\/presentkort\/\",\"name\":\"Presentkort - Riche\",\"isPartOf\":{\"@id\":\"https:\/\/riche-old.wetail.dev\/#website\"},\"datePublished\":\"2015-05-15T08:55:04+00:00\",\"dateModified\":\"2020-12-15T11:26:53+00:00\",\"breadcrumb\":{\"@id\":\"https:\/\/riche-old.wetail.dev\/en\/om-riche\/presentkort\/#breadcrumb\"},\"inLanguage\":\"en-US\",\"potentialAction\":[{\"@type\":\"ReadAction\",\"target\":[\"https:\/\/riche-old.wetail.dev\/en\/om-riche\/presentkort\/\"]}]},{\"@type\":\"BreadcrumbList\",\"@id\":\"https:\/\/riche-old.wetail.dev\/en\/om-riche\/presentkort\/#breadcrumb\",\"itemListElement\":[{\"@type\":\"ListItem\",\"position\":1,\"name\":\"Hem\",\"item\":\"https:\/\/riche-old.wetail.dev\/en\/\"},{\"@type\":\"ListItem\",\"position\":2,\"name\":\"About Riche\",\"item\":\"https:\/\/riche-old.wetail.dev\/en\/om-riche\/\"},{\"@type\":\"ListItem\",\"position\":3,\"name\":\"Presentkort\"}]},{\"@type\":\"WebSite\",\"@id\":\"https:\/\/riche-old.wetail.dev\/#website\",\"url\":\"https:\/\/riche-old.wetail.dev\/\",\"name\":\"Riche\",\"description\":\"En till Svenska Brasserier Webbplatser webbplats\",\"potentialAction\":[{\"@type\":\"SearchAction\",\"target\":{\"@type\":\"EntryPoint\",\"urlTemplate\":\"https:\/\/riche-old.wetail.dev\/?s={search_term_string}\"},\"query-input\":\"required name=search_term_string\"}],\"inLanguage\":\"en-US\"}]}<\/script>\n<!-- \/ Yoast SEO plugin. -->","yoast_head_json":{"title":"Presentkort - Riche","robots":{"index":"noindex","follow":"follow","max-snippet":"max-snippet:-1","max-image-preview":"max-image-preview:large","max-video-preview":"max-video-preview:-1"},"og_locale":"en_US","og_type":"article","og_title":"Presentkort - Riche","og_description":"Ni vet v\u00e4l om att ni kan k\u00f6pa presentkort hos oss? \u00a0Det g\u00e5r alldeles utm\u00e4rkt att betala med presentkortet oavsett om ni kommer till oss f\u00f6r en kopp kaffe eller f\u00f6r en helkv\u00e4ll. Presentkortet g\u00e4ller p\u00e5 Svenska Brasseriers samtliga restauranger (Taverna Brillo, Sturehof, Riche, Teatergrillen, Luzette, Ulriksdals V\u00e4rdshus, Emmer och Stockholms Matmarknad). Du kan k\u00f6pa... L\u00e4s mer","og_url":"https:\/\/riche-old.wetail.dev\/en\/om-riche\/presentkort\/","og_site_name":"Riche","article_modified_time":"2020-12-15T11:26:53+00:00","og_image":[{"url":"http:\/\/www.riche-old.wetail.dev\/wp-content\/uploads\/sites\/7\/2016\/05\/riche_presentkort-300x211.jpg"}],"twitter_card":"summary_large_image","twitter_misc":{"Est. reading time":"1 minute"},"schema":{"@context":"https:\/\/schema.org","@graph":[{"@type":"WebPage","@id":"https:\/\/riche-old.wetail.dev\/en\/om-riche\/presentkort\/","url":"https:\/\/riche-old.wetail.dev\/en\/om-riche\/presentkort\/","name":"Presentkort - Riche","isPartOf":{"@id":"https:\/\/riche-old.wetail.dev\/#website"},"datePublished":"2015-05-15T08:55:04+00:00","dateModified":"2020-12-15T11:26:53+00:00","breadcrumb":{"@id":"https:\/\/riche-old.wetail.dev\/en\/om-riche\/presentkort\/#breadcrumb"},"inLanguage":"en-US","potentialAction":[{"@type":"ReadAction","target":["https:\/\/riche-old.wetail.dev\/en\/om-riche\/presentkort\/"]}]},{"@type":"BreadcrumbList","@id":"https:\/\/riche-old.wetail.dev\/en\/om-riche\/presentkort\/#breadcrumb","itemListElement":[{"@type":"ListItem","position":1,"name":"Hem","item":"https:\/\/riche-old.wetail.dev\/en\/"},{"@type":"ListItem","position":2,"name":"About Riche","item":"https:\/\/riche-old.wetail.dev\/en\/om-riche\/"},{"@type":"ListItem","position":3,"name":"Presentkort"}]},{"@type":"WebSite","@id":"https:\/\/riche-old.wetail.dev\/#website","url":"https:\/\/riche-old.wetail.dev\/","name":"Riche","description":"En till Svenska Brasserier Webbplatser webbplats","potentialAction":[{"@type":"SearchAction","target":{"@type":"EntryPoint","urlTemplate":"https:\/\/riche-old.wetail.dev\/?s={search_term_string}"},"query-input":"required name=search_term_string"}],"inLanguage":"en-US"}]}},"_links":{"self":[{"href":"https:\/\/riche-old.wetail.dev\/en\/wp-json\/wp\/v2\/pages\/507"}],"collection":[{"href":"https:\/\/riche-old.wetail.dev\/en\/wp-json\/wp\/v2\/pages"}],"about":[{"href":"https:\/\/riche-old.wetail.dev\/en\/wp-json\/wp\/v2\/types\/page"}],"author":[{"embeddable":true,"href":"https:\/\/riche-old.wetail.dev\/en\/wp-json\/wp\/v2\/users\/1"}],"replies":[{"embeddable":true,"href":"https:\/\/riche-old.wetail.dev\/en\/wp-json\/wp\/v2\/comments?post=507"}],"version-history":[{"count":0,"href":"https:\/\/riche-old.wetail.dev\/en\/wp-json\/wp\/v2\/pages\/507\/revisions"}],"up":[{"embeddable":true,"href":"https:\/\/riche-old.wetail.dev\/en\/wp-json\/wp\/v2\/pages\/512"}],"wp:attachment":[{"href":"https:\/\/riche-old.wetail.dev\/en\/wp-json\/wp\/v2\/media?parent=507"}],"curies":[{"name":"wp","href":"https:\/\/api.w.org\/{rel}","templated":true}]}}