{"id":515,"date":"2015-05-15T10:48:08","date_gmt":"2015-05-15T08:48:08","guid":{"rendered":"http:\/\/www.riche-old.wetail.dev\/hem-2\/"},"modified":"2022-04-15T11:32:25","modified_gmt":"2022-04-15T09:32:25","slug":"hem","status":"publish","type":"page","link":"https:\/\/riche-old.wetail.dev\/en\/","title":{"rendered":"Home"},"content":{"rendered":"","protected":false},"excerpt":{"rendered":"","protected":false},"author":1,"featured_media":9969,"parent":0,"menu_order":0,"comment_status":"closed","ping_status":"closed","template":"template-front-page.php","meta":[],"acf":[],"yoast_head":"<!-- This site is optimized with the Yoast SEO plugin v19.11 - https:\/\/yoast.com\/wordpress\/plugins\/seo\/ -->\n<title>Riche, ett pulserande brasserie vid Nybroviken, Stureplan<\/title>\n<meta name=\"description\" content=\"I \u00f6ver hundra \u00e5r har matsalen och barerna p\u00e5 Riche varit en social tummelplats f\u00f6r b\u00e5de makt- och kultureliten, unga hippa, gamla r\u00e4var och alldeles vanligt folk. Riche har m\u00e5nga stolta traditioner att f\u00f6rvalta, men ocks\u00e5 ett stort ansvar att aldrig stagnera.\" \/>\n<meta name=\"robots\" content=\"noindex, follow, max-snippet:-1, max-image-preview:large, max-video-preview:-1\" \/>\n<meta property=\"og:locale\" content=\"en_US\" \/>\n<meta property=\"og:type\" content=\"article\" \/>\n<meta property=\"og:title\" content=\"Riche, ett pulserande brasserie vid Nybroviken, Stureplan\" \/>\n<meta property=\"og:description\" content=\"I \u00f6ver hundra \u00e5r har matsalen och barerna p\u00e5 Riche varit en social tummelplats f\u00f6r b\u00e5de makt- och kultureliten, unga hippa, gamla r\u00e4var och alldeles vanligt folk. Riche har m\u00e5nga stolta traditioner att f\u00f6rvalta, men ocks\u00e5 ett stort ansvar att aldrig stagnera.\" \/>\n<meta property=\"og:url\" content=\"https:\/\/riche-old.wetail.dev\/en\/\" \/>\n<meta property=\"og:site_name\" content=\"Riche\" \/>\n<meta property=\"article:modified_time\" content=\"2022-04-15T09:32:25+00:00\" \/>\n<meta property=\"og:image\" content=\"https:\/\/riche-old.wetail.dev\/wp-content\/uploads\/sites\/7\/2015\/05\/Riche-mellanbaren.png\" \/>\n\t<meta property=\"og:image:width\" content=\"1100\" \/>\n\t<meta property=\"og:image:height\" content=\"400\" \/>\n\t<meta property=\"og:image:type\" content=\"image\/png\" \/>\n<meta name=\"twitter:card\" content=\"summary_large_image\" \/>\n<script type=\"application\/ld+json\" class=\"yoast-schema-graph\">{\"@context\":\"https:\/\/schema.org\",\"@graph\":[{\"@type\":\"WebPage\",\"@id\":\"https:\/\/riche-old.wetail.dev\/en\/\",\"url\":\"https:\/\/riche-old.wetail.dev\/en\/\",\"name\":\"Riche, ett pulserande brasserie vid Nybroviken, Stureplan\",\"isPartOf\":{\"@id\":\"https:\/\/riche-old.wetail.dev\/#website\"},\"datePublished\":\"2015-05-15T08:48:08+00:00\",\"dateModified\":\"2022-04-15T09:32:25+00:00\",\"description\":\"I \u00f6ver hundra \u00e5r har matsalen och barerna p\u00e5 Riche varit en social tummelplats f\u00f6r b\u00e5de makt- och kultureliten, unga hippa, gamla r\u00e4var och alldeles vanligt folk. Riche har m\u00e5nga stolta traditioner att f\u00f6rvalta, men ocks\u00e5 ett stort ansvar att aldrig stagnera.\",\"breadcrumb\":{\"@id\":\"https:\/\/riche-old.wetail.dev\/en\/#breadcrumb\"},\"inLanguage\":\"en-US\",\"potentialAction\":[{\"@type\":\"ReadAction\",\"target\":[\"https:\/\/riche-old.wetail.dev\/en\/\"]}]},{\"@type\":\"BreadcrumbList\",\"@id\":\"https:\/\/riche-old.wetail.dev\/en\/#breadcrumb\",\"itemListElement\":[{\"@type\":\"ListItem\",\"position\":1,\"name\":\"Hem\",\"item\":\"https:\/\/riche-old.wetail.dev\/en\/\"},{\"@type\":\"ListItem\",\"position\":2,\"name\":\"Home\"}]},{\"@type\":\"WebSite\",\"@id\":\"https:\/\/riche-old.wetail.dev\/#website\",\"url\":\"https:\/\/riche-old.wetail.dev\/\",\"name\":\"Riche\",\"description\":\"En till Svenska Brasserier Webbplatser webbplats\",\"potentialAction\":[{\"@type\":\"SearchAction\",\"target\":{\"@type\":\"EntryPoint\",\"urlTemplate\":\"https:\/\/riche-old.wetail.dev\/?s={search_term_string}\"},\"query-input\":\"required name=search_term_string\"}],\"inLanguage\":\"en-US\"}]}<\/script>\n<!-- \/ Yoast SEO plugin. -->","yoast_head_json":{"title":"Riche, ett pulserande brasserie vid Nybroviken, Stureplan","description":"I \u00f6ver hundra \u00e5r har matsalen och barerna p\u00e5 Riche varit en social tummelplats f\u00f6r b\u00e5de makt- och kultureliten, unga hippa, gamla r\u00e4var och alldeles vanligt folk. Riche har m\u00e5nga stolta traditioner att f\u00f6rvalta, men ocks\u00e5 ett stort ansvar att aldrig stagnera.","robots":{"index":"noindex","follow":"follow","max-snippet":"max-snippet:-1","max-image-preview":"max-image-preview:large","max-video-preview":"max-video-preview:-1"},"og_locale":"en_US","og_type":"article","og_title":"Riche, ett pulserande brasserie vid Nybroviken, Stureplan","og_description":"I \u00f6ver hundra \u00e5r har matsalen och barerna p\u00e5 Riche varit en social tummelplats f\u00f6r b\u00e5de makt- och kultureliten, unga hippa, gamla r\u00e4var och alldeles vanligt folk. Riche har m\u00e5nga stolta traditioner att f\u00f6rvalta, men ocks\u00e5 ett stort ansvar att aldrig stagnera.","og_url":"https:\/\/riche-old.wetail.dev\/en\/","og_site_name":"Riche","article_modified_time":"2022-04-15T09:32:25+00:00","og_image":[{"width":1100,"height":400,"url":"https:\/\/riche-old.wetail.dev\/wp-content\/uploads\/sites\/7\/2015\/05\/Riche-mellanbaren.png","type":"image\/png"}],"twitter_card":"summary_large_image","schema":{"@context":"https:\/\/schema.org","@graph":[{"@type":"WebPage","@id":"https:\/\/riche-old.wetail.dev\/en\/","url":"https:\/\/riche-old.wetail.dev\/en\/","name":"Riche, ett pulserande brasserie vid Nybroviken, Stureplan","isPartOf":{"@id":"https:\/\/riche-old.wetail.dev\/#website"},"datePublished":"2015-05-15T08:48:08+00:00","dateModified":"2022-04-15T09:32:25+00:00","description":"I \u00f6ver hundra \u00e5r har matsalen och barerna p\u00e5 Riche varit en social tummelplats f\u00f6r b\u00e5de makt- och kultureliten, unga hippa, gamla r\u00e4var och alldeles vanligt folk. Riche har m\u00e5nga stolta traditioner att f\u00f6rvalta, men ocks\u00e5 ett stort ansvar att aldrig stagnera.","breadcrumb":{"@id":"https:\/\/riche-old.wetail.dev\/en\/#breadcrumb"},"inLanguage":"en-US","potentialAction":[{"@type":"ReadAction","target":["https:\/\/riche-old.wetail.dev\/en\/"]}]},{"@type":"BreadcrumbList","@id":"https:\/\/riche-old.wetail.dev\/en\/#breadcrumb","itemListElement":[{"@type":"ListItem","position":1,"name":"Hem","item":"https:\/\/riche-old.wetail.dev\/en\/"},{"@type":"ListItem","position":2,"name":"Home"}]},{"@type":"WebSite","@id":"https:\/\/riche-old.wetail.dev\/#website","url":"https:\/\/riche-old.wetail.dev\/","name":"Riche","description":"En till Svenska Brasserier Webbplatser webbplats","potentialAction":[{"@type":"SearchAction","target":{"@type":"EntryPoint","urlTemplate":"https:\/\/riche-old.wetail.dev\/?s={search_term_string}"},"query-input":"required name=search_term_string"}],"inLanguage":"en-US"}]}},"_links":{"self":[{"href":"https:\/\/riche-old.wetail.dev\/en\/wp-json\/wp\/v2\/pages\/515"}],"collection":[{"href":"https:\/\/riche-old.wetail.dev\/en\/wp-json\/wp\/v2\/pages"}],"about":[{"href":"https:\/\/riche-old.wetail.dev\/en\/wp-json\/wp\/v2\/types\/page"}],"author":[{"embeddable":true,"href":"https:\/\/riche-old.wetail.dev\/en\/wp-json\/wp\/v2\/users\/1"}],"replies":[{"embeddable":true,"href":"https:\/\/riche-old.wetail.dev\/en\/wp-json\/wp\/v2\/comments?post=515"}],"version-history":[{"count":0,"href":"https:\/\/riche-old.wetail.dev\/en\/wp-json\/wp\/v2\/pages\/515\/revisions"}],"wp:featuredmedia":[{"embeddable":true,"href":"https:\/\/riche-old.wetail.dev\/en\/wp-json\/wp\/v2\/media\/9969"}],"wp:attachment":[{"href":"https:\/\/riche-old.wetail.dev\/en\/wp-json\/wp\/v2\/media?parent=515"}],"curies":[{"name":"wp","href":"https:\/\/api.w.org\/{rel}","templated":true}]}}